{"id":83,"date":"2022-09-17T21:38:41","date_gmt":"2022-09-17T18:38:41","guid":{"rendered":"https:\/\/patricktirler.com\/?page_id=83"},"modified":"2022-10-05T13:14:14","modified_gmt":"2022-10-05T10:14:14","slug":"impressum-datenschutz","status":"publish","type":"page","link":"https:\/\/patricktirler.com\/en\/impressum-datenschutz","title":{"rendered":"Impressum &#038; Datenschutz"},"content":{"rendered":"\n<h2 class=\"wp-block-heading\">Impressum<\/h2>\n\n\n\n<p><strong>Name<\/strong>: Patrick Tirler<\/p>\n\n\n\n<p><strong>Anschrift<\/strong>: Kastelruth 39040, Italien (BZ)<\/p>\n\n\n\n<p><strong> Email<\/strong>: info@patricktirler.com<\/p>\n\n\n\n<p><\/p>\n\n\n\n<p><\/p>\n\n\n\n<p><\/p>\n\n\n\n<h2 class=\"wp-block-heading\">Datenschutz<\/h2>\n\n\n\n<h2 class=\"wp-block-heading\">Kommentare<\/h2>\n\n\n\n<p>Wenn Besucher Kommentare auf der Website schreiben, sammeln wir die Daten, die im Kommentar-Formular angezeigt werden, au\u00dferdem die IP-Adresse des Besuchers und den User-Agent-String (damit wird der Browser identifiziert), um die Erkennung von Spam zu unterst\u00fctzen.<\/p>\n\n\n\n<p>Aus deiner E-Mail-Adresse kann eine anonymisierte Zeichenfolge erstellt (auch Hash genannt) und dem Gravatar-Dienst \u00fcbergeben werden, um zu pr\u00fcfen, ob du diesen benutzt. Die Datenschutzerkl\u00e4rung des Gravatar-Dienstes findest du hier: https:\/\/automattic.com\/privacy\/. Nachdem dein Kommentar freigegeben wurde, ist dein Profilbild \u00f6ffentlich im Kontext deines Kommentars sichtbar.<\/p>\n\n\n\n<h2 class=\"wp-block-heading\">Cookies<\/h2>\n\n\n\n<p>Wenn du einen Kommentar auf unserer Website schreibst, kann das eine Einwilligung sein, deinen Namen, E-Mail-Adresse und Website in Cookies zu speichern. Dies ist eine Komfortfunktion, damit du nicht, wenn du einen weiteren Kommentar schreibst, all diese Daten erneut eingeben musst. Diese Cookies werden ein Jahr lang gespeichert.<\/p>\n\n\n\n<h2 class=\"wp-block-heading\">Eingebettete Inhalte von anderen Websites<\/h2>\n\n\n\n<p>Beitr\u00e4ge auf dieser Website k\u00f6nnen eingebettete Inhalte beinhalten (z.&nbsp;B. Videos, Bilder, Beitr\u00e4ge etc.). Eingebettete Inhalte von anderen Websites verhalten sich exakt so, als ob der Besucher die andere Website besucht h\u00e4tte.<\/p>\n\n\n\n<p>Diese Websites k\u00f6nnen Daten \u00fcber dich sammeln, Cookies benutzen, zus\u00e4tzliche Tracking-Dienste von Dritten einbetten und deine Interaktion mit diesem eingebetteten Inhalt aufzeichnen, inklusive deiner Interaktion mit dem eingebetteten Inhalt, falls du ein Konto hast und auf dieser Website angemeldet bist.<\/p>\n\n\n\n<h2 class=\"wp-block-heading\">Wie lange wir deine Daten speichern<\/h2>\n\n\n\n<p>Wenn du einen Kommentar schreibst, wird dieser inklusive Metadaten zeitlich unbegrenzt gespeichert. Auf diese Art k\u00f6nnen wir Folgekommentare automatisch erkennen und freigeben, anstatt sie in einer Moderations-Warteschlange festzuhalten.<\/p>\n\n\n\n<h2 class=\"wp-block-heading\">Wohin deine Daten gesendet werden<\/h2>\n\n\n\n<p>Besucher-Kommentare k\u00f6nnten von einem automatisierten Dienst zur Spam-Erkennung untersucht werden.<\/p>\n","protected":false},"excerpt":{"rendered":"<p>Impressum Name: Patrick Tirler Anschrift: Kastelruth 39040, Italien (BZ) Email: info@patricktirler.com Datenschutz Kommentare Wenn Besucher Kommentare auf der Website schreiben, sammeln wir die Daten, die im Kommentar-Formular angezeigt werden, au\u00dferdem die IP-Adresse des Besuchers und den User-Agent-String (damit wird der Browser identifiziert), um die Erkennung von Spam zu unterst\u00fctzen. Aus deiner E-Mail-Adresse kann eine anonymisierte [&hellip;]<\/p>\n","protected":false},"author":1,"featured_media":0,"parent":0,"menu_order":0,"comment_status":"closed","ping_status":"closed","template":"","meta":{"ngg_post_thumbnail":0,"footnotes":""},"class_list":["post-83","page","type-page","status-publish","hentry"],"translation":{"provider":"WPGlobus","version":"2.12.2","language":"en","enabled_languages":["de","en"],"languages":{"de":{"title":true,"content":true,"excerpt":false},"en":{"title":false,"content":false,"excerpt":false}}},"yoast_head":"<!-- This site is optimized with the Yoast SEO plugin v27.4 - https:\/\/yoast.com\/product\/yoast-seo-wordpress\/ -->\n<title>Impressum &amp; Datenschutz - Patrick Tirler<\/title>\n<meta name=\"robots\" content=\"noindex, nofollow\" \/>\n<meta property=\"og:locale\" content=\"en_US\" \/>\n<meta property=\"og:type\" content=\"article\" \/>\n<meta property=\"og:title\" content=\"Impressum &amp; Datenschutz - Patrick Tirler\" \/>\n<meta property=\"og:url\" content=\"https:\/\/patricktirler.com\/impressum-datenschutz\" \/>\n<meta property=\"og:site_name\" content=\"Patrick Tirler\" \/>\n<meta property=\"article:publisher\" content=\"https:\/\/www.facebook.com\/tirler.patrick\" \/>\n<meta property=\"article:modified_time\" content=\"2022-10-05T10:14:14+00:00\" \/>\n<meta name=\"twitter:card\" content=\"summary_large_image\" \/>\n<meta name=\"twitter:label1\" content=\"Est. reading time\" \/>\n\t<meta name=\"twitter:data1\" content=\"2 minutes\" \/>\n<script type=\"application\/ld+json\" class=\"yoast-schema-graph\">{\"@context\":\"https:\\\/\\\/schema.org\",\"@graph\":[{\"@type\":[\"WebPage\",\"ContactPage\"],\"@id\":\"https:\\\/\\\/patricktirler.com\\\/impressum-datenschutz\",\"url\":\"https:\\\/\\\/patricktirler.com\\\/impressum-datenschutz\",\"name\":\"Impressum & Datenschutz - Patrick Tirler\",\"isPartOf\":{\"@id\":\"https:\\\/\\\/patricktirler.com\\\/#website\"},\"datePublished\":\"2022-09-17T18:38:41+00:00\",\"dateModified\":\"2022-10-05T10:14:14+00:00\",\"breadcrumb\":{\"@id\":\"https:\\\/\\\/patricktirler.com\\\/impressum-datenschutz#breadcrumb\"},\"inLanguage\":\"en-US\",\"potentialAction\":[{\"@type\":\"ReadAction\",\"target\":[\"https:\\\/\\\/patricktirler.com\\\/impressum-datenschutz\"]}]},{\"@type\":\"BreadcrumbList\",\"@id\":\"https:\\\/\\\/patricktirler.com\\\/impressum-datenschutz#breadcrumb\",\"itemListElement\":[{\"@type\":\"ListItem\",\"position\":1,\"name\":\"Startseite\",\"item\":\"https:\\\/\\\/patricktirler.com\\\/\"},{\"@type\":\"ListItem\",\"position\":2,\"name\":\"Impressum &#038; Datenschutz\"}]},{\"@type\":\"WebSite\",\"@id\":\"https:\\\/\\\/patricktirler.com\\\/#website\",\"url\":\"https:\\\/\\\/patricktirler.com\\\/\",\"name\":\"Patrick Tirler\",\"description\":\"\",\"publisher\":{\"@id\":\"https:\\\/\\\/patricktirler.com\\\/#\\\/schema\\\/person\\\/3e7dfc7378cf315f25126978654c29ce\"},\"potentialAction\":[{\"@type\":\"SearchAction\",\"target\":{\"@type\":\"EntryPoint\",\"urlTemplate\":\"https:\\\/\\\/patricktirler.com\\\/?s={search_term_string}\"},\"query-input\":{\"@type\":\"PropertyValueSpecification\",\"valueRequired\":true,\"valueName\":\"search_term_string\"}}],\"inLanguage\":\"en-US\"},{\"@type\":[\"Person\",\"Organization\"],\"@id\":\"https:\\\/\\\/patricktirler.com\\\/#\\\/schema\\\/person\\\/3e7dfc7378cf315f25126978654c29ce\",\"name\":\"Patrick\",\"image\":{\"@type\":\"ImageObject\",\"inLanguage\":\"en-US\",\"@id\":\"https:\\\/\\\/secure.gravatar.com\\\/avatar\\\/d28ab6ed7feb89703b2bb16835f40ad9417c3aed7598e3868a67a53636236db6?s=96&d=mm&r=g\",\"url\":\"https:\\\/\\\/secure.gravatar.com\\\/avatar\\\/d28ab6ed7feb89703b2bb16835f40ad9417c3aed7598e3868a67a53636236db6?s=96&d=mm&r=g\",\"contentUrl\":\"https:\\\/\\\/secure.gravatar.com\\\/avatar\\\/d28ab6ed7feb89703b2bb16835f40ad9417c3aed7598e3868a67a53636236db6?s=96&d=mm&r=g\",\"caption\":\"Patrick\"},\"logo\":{\"@id\":\"https:\\\/\\\/secure.gravatar.com\\\/avatar\\\/d28ab6ed7feb89703b2bb16835f40ad9417c3aed7598e3868a67a53636236db6?s=96&d=mm&r=g\"},\"sameAs\":[\"https:\\\/\\\/patricktirler.com\",\"https:\\\/\\\/www.facebook.com\\\/tirler.patrick\",\"https:\\\/\\\/www.instagram.com\\\/patrick_tirler\\\/\"]}]}<\/script>\n<!-- \/ Yoast SEO plugin. -->","yoast_head_json":{"title":"Impressum & Datenschutz - Patrick Tirler","robots":{"index":"noindex","follow":"nofollow"},"og_locale":"en_US","og_type":"article","og_title":"Impressum & Datenschutz - Patrick Tirler","og_url":"https:\/\/patricktirler.com\/impressum-datenschutz","og_site_name":"Patrick Tirler","article_publisher":"https:\/\/www.facebook.com\/tirler.patrick","article_modified_time":"2022-10-05T10:14:14+00:00","twitter_card":"summary_large_image","twitter_misc":{"Est. reading time":"2 minutes"},"schema":{"@context":"https:\/\/schema.org","@graph":[{"@type":["WebPage","ContactPage"],"@id":"https:\/\/patricktirler.com\/impressum-datenschutz","url":"https:\/\/patricktirler.com\/impressum-datenschutz","name":"Impressum & Datenschutz - Patrick Tirler","isPartOf":{"@id":"https:\/\/patricktirler.com\/#website"},"datePublished":"2022-09-17T18:38:41+00:00","dateModified":"2022-10-05T10:14:14+00:00","breadcrumb":{"@id":"https:\/\/patricktirler.com\/impressum-datenschutz#breadcrumb"},"inLanguage":"en-US","potentialAction":[{"@type":"ReadAction","target":["https:\/\/patricktirler.com\/impressum-datenschutz"]}]},{"@type":"BreadcrumbList","@id":"https:\/\/patricktirler.com\/impressum-datenschutz#breadcrumb","itemListElement":[{"@type":"ListItem","position":1,"name":"Startseite","item":"https:\/\/patricktirler.com\/"},{"@type":"ListItem","position":2,"name":"Impressum &#038; Datenschutz"}]},{"@type":"WebSite","@id":"https:\/\/patricktirler.com\/#website","url":"https:\/\/patricktirler.com\/","name":"Patrick Tirler","description":"","publisher":{"@id":"https:\/\/patricktirler.com\/#\/schema\/person\/3e7dfc7378cf315f25126978654c29ce"},"potentialAction":[{"@type":"SearchAction","target":{"@type":"EntryPoint","urlTemplate":"https:\/\/patricktirler.com\/?s={search_term_string}"},"query-input":{"@type":"PropertyValueSpecification","valueRequired":true,"valueName":"search_term_string"}}],"inLanguage":"en-US"},{"@type":["Person","Organization"],"@id":"https:\/\/patricktirler.com\/#\/schema\/person\/3e7dfc7378cf315f25126978654c29ce","name":"Patrick","image":{"@type":"ImageObject","inLanguage":"en-US","@id":"https:\/\/secure.gravatar.com\/avatar\/d28ab6ed7feb89703b2bb16835f40ad9417c3aed7598e3868a67a53636236db6?s=96&d=mm&r=g","url":"https:\/\/secure.gravatar.com\/avatar\/d28ab6ed7feb89703b2bb16835f40ad9417c3aed7598e3868a67a53636236db6?s=96&d=mm&r=g","contentUrl":"https:\/\/secure.gravatar.com\/avatar\/d28ab6ed7feb89703b2bb16835f40ad9417c3aed7598e3868a67a53636236db6?s=96&d=mm&r=g","caption":"Patrick"},"logo":{"@id":"https:\/\/secure.gravatar.com\/avatar\/d28ab6ed7feb89703b2bb16835f40ad9417c3aed7598e3868a67a53636236db6?s=96&d=mm&r=g"},"sameAs":["https:\/\/patricktirler.com","https:\/\/www.facebook.com\/tirler.patrick","https:\/\/www.instagram.com\/patrick_tirler\/"]}]}},"_links":{"self":[{"href":"https:\/\/patricktirler.com\/en\/wp-json\/wp\/v2\/pages\/83","targetHints":{"allow":["GET"]}}],"collection":[{"href":"https:\/\/patricktirler.com\/en\/wp-json\/wp\/v2\/pages"}],"about":[{"href":"https:\/\/patricktirler.com\/en\/wp-json\/wp\/v2\/types\/page"}],"author":[{"embeddable":true,"href":"https:\/\/patricktirler.com\/en\/wp-json\/wp\/v2\/users\/1"}],"replies":[{"embeddable":true,"href":"https:\/\/patricktirler.com\/en\/wp-json\/wp\/v2\/comments?post=83"}],"version-history":[{"count":10,"href":"https:\/\/patricktirler.com\/en\/wp-json\/wp\/v2\/pages\/83\/revisions"}],"predecessor-version":[{"id":301,"href":"https:\/\/patricktirler.com\/en\/wp-json\/wp\/v2\/pages\/83\/revisions\/301"}],"wp:attachment":[{"href":"https:\/\/patricktirler.com\/en\/wp-json\/wp\/v2\/media?parent=83"}],"curies":[{"name":"wp","href":"https:\/\/api.w.org\/{rel}","templated":true}]}}